{"id":880,"date":"2019-02-26T23:57:19","date_gmt":"2019-02-26T22:57:19","guid":{"rendered":"http:\/\/photofunchanat.fr\/?page_id=880"},"modified":"2019-05-26T00:14:19","modified_gmt":"2019-05-25T22:14:19","slug":"les-artistes","status":"publish","type":"page","link":"https:\/\/photofunchanat.fr\/?page_id=880","title":{"rendered":"Les Artistes"},"content":{"rendered":"\n<div class=\"wp-block-media-text alignwide\" style=\"grid-template-columns:45% auto\"><figure class=\"wp-block-media-text__media\"><img data-attachment-id=\"1085\" data-permalink=\"https:\/\/photofunchanat.fr\/?attachment_id=1085\" data-orig-file=\"https:\/\/i2.wp.com\/photofunchanat.fr\/wp-content\/uploads\/2019\/04\/Flyer-Recto-1.jpg?fit=1113%2C1592&amp;ssl=1\" data-orig-size=\"1113,1592\" data-comments-opened=\"1\" data-image-meta=\"{&quot;aperture&quot;:&quot;0&quot;,&quot;credit&quot;:&quot;michel queyriaux&quot;,&quot;camera&quot;:&quot;&quot;,&quot;caption&quot;:&quot;&quot;,&quot;created_timestamp&quot;:&quot;0&quot;,&quot;copyright&quot;:&quot;&quot;,&quot;focal_length&quot;:&quot;0&quot;,&quot;iso&quot;:&quot;0&quot;,&quot;shutter_speed&quot;:&quot;0&quot;,&quot;title&quot;:&quot;Flyer -Recto-27-03-19rtd, Feuillet 1&quot;,&quot;orientation&quot;:&quot;1&quot;}\" data-image-title=\"Flyer -Recto\" data-image-description=\"\" data-medium-file=\"https:\/\/i2.wp.com\/photofunchanat.fr\/wp-content\/uploads\/2019\/04\/Flyer-Recto-1.jpg?fit=210%2C300&amp;ssl=1\" data-large-file=\"https:\/\/i2.wp.com\/photofunchanat.fr\/wp-content\/uploads\/2019\/04\/Flyer-Recto-1.jpg?fit=474%2C678&amp;ssl=1\" loading=\"lazy\" width=\"474\" height=\"678\" src=\"https:\/\/i2.wp.com\/photofunchanat.fr\/wp-content\/uploads\/2019\/04\/Flyer-Recto-1.jpg?resize=474%2C678\" alt=\"\" class=\"wp-image-1085\" srcset=\"https:\/\/i2.wp.com\/photofunchanat.fr\/wp-content\/uploads\/2019\/04\/Flyer-Recto-1.jpg?resize=716%2C1024&amp;ssl=1 716w, https:\/\/i2.wp.com\/photofunchanat.fr\/wp-content\/uploads\/2019\/04\/Flyer-Recto-1.jpg?resize=210%2C300&amp;ssl=1 210w, https:\/\/i2.wp.com\/photofunchanat.fr\/wp-content\/uploads\/2019\/04\/Flyer-Recto-1.jpg?resize=768%2C1099&amp;ssl=1 768w, https:\/\/i2.wp.com\/photofunchanat.fr\/wp-content\/uploads\/2019\/04\/Flyer-Recto-1.jpg?w=1113&amp;ssl=1 1113w, https:\/\/i2.wp.com\/photofunchanat.fr\/wp-content\/uploads\/2019\/04\/Flyer-Recto-1.jpg?w=948 948w\" sizes=\"(max-width: 474px) 100vw, 474px\" data-recalc-dims=\"1\" \/><\/figure><div class=\"wp-block-media-text__content\">\n<p style=\"color:#305362;font-size:19px;text-align:center\" class=\"has-text-color has-background has-white-background-color\"><em>Ci-dessous la liste des artistes pr\u00e9sents lors de notre manifestation:<\/em><\/p>\n\n\n\n<p style=\"color:#406e81;font-size:24px;text-align:center\" class=\"has-text-color has-background has-light-gray-background-color\"><em>Le week end du 15 &amp;16 Juin<\/em><\/p>\n<\/div><\/div>\n\n\n\n<p><strong><em>Thierry Courtadon       <\/em><\/strong><a href=\"http:\/\/ateliercourtadon.com\">http:\/\/ateliercourtadon.com<\/a><\/p>\n\n\n\n<p><em><strong>Patrick Andr\u00e9                <\/strong><\/em><a href=\"https:\/\/www.patrickandre.com\/\">https:\/\/www.patrickandre.com\/<\/a><\/p>\n\n\n\n<p><strong><em>Jacky Champenois<\/em><\/strong><a href=\"https:\/\/www.facebook.com\/profile.php?id=100011346729226\">              <\/a><\/p>\n\n\n\n<p><a href=\"https:\/\/www.facebook.com\/profile.php?id=100011346729226\">https:\/\/www.facebook.com\/profile.php?id=100011346729226<\/a>  <\/p>\n\n\n\n<p><a href=\"https:\/\/www.facebook.com\/profile.php?id=100011346729226\">                <\/a><\/p>\n\n\n\n<p><strong><em>Olivier Garnier       <\/em><\/strong><a href=\"https:\/\/www.flickr.com\/photos\/138924938@N02\/\">https:\/\/www.flickr.com\/photos\/138924938@N02\/<\/a>                                    <\/p>\n\n\n\n<p><strong><em>Thibaut Gu\u00e9rin<\/em><\/strong>        <a href=\"https:\/\/thiacom82.wixsite.com\/thibaut  \">https:\/\/thiacom82.wixsite.com\/thibaut  <\/a><\/p>\n\n\n\n<p><strong><em>Yvan Martin              <\/em><\/strong><a href=\"http:\/\/www.yvanmartin.com\/\">http:\/\/www.yvanmartin.com\/<\/a>  <\/p>\n\n\n\n<p><strong><em>Fabienne Mondi\u00e9    <\/em><\/strong><a href=\"https:\/\/fabiennemondie.wixsite.com\/photo\">  https:\/\/fabiennemondie.wixsite.com\/photo<\/a><\/p>\n\n\n\n<p><strong><em>Christine Mosnier <\/em><\/strong><a href=\"https:\/\/christinepatrick4.wixsite.com\/cheminfaisant\">https:\/\/christinepatrick4.wixsite.com\/cheminfaisant<\/a><\/p>\n\n\n\n<p><strong><em>Christian Mouliets        <\/em><\/strong><a href=\"https:\/\/christian-m.jimdo.com\/\">https:\/\/christian-m.jimdo.com\/<\/a><\/p>\n\n\n\n<p><strong><em>Olivier Muhlhoff           <\/em><\/strong><a href=\"https:\/\/muhlhoff.portfoliobox.net\/home\">https:\/\/muhlhoff.portfoliobox.net\/home<\/a><\/p>\n\n\n\n<p><strong><em>Stephan Viard                 <\/em><\/strong><a href=\"http:\/\/auteurphotographe.com\/\">http:\/\/auteurphotographe.com\/<\/a><\/p>\n\n\n\n<div class=\"wp-block-file aligncenter\"><a href=\"http:\/\/photofunchanat.fr\/wp-content\/uploads\/2019\/04\/Dossier-de-presse-Iratus-Spiritus-Chanat-la-Mouteyre.pdf\">                 Dossier de presse Iratus Spiritus de Stephan   Viard    pour  EXPO  \u00e0           Chanat-la-Mouteyre<\/a><a href=\"http:\/\/photofunchanat.fr\/wp-content\/uploads\/2019\/04\/Dossier-de-presse-Iratus-Spiritus-Chanat-la-Mouteyre.pdf\" class=\"wp-block-file__button\" download>T\u00e9l\u00e9charger<\/a><\/div>\n\n\n\n<p><strong><em>Club Photo AL C\u00e9bazat  <\/em><\/strong> <a href=\"http:\/\/clubphoto.alcebazat.fr\/\">http:\/\/clubphoto.alcebazat.fr\/<\/a><\/p>\n\n\n\n<figure class=\"wp-block-image is-resized\"><img data-attachment-id=\"989\" data-permalink=\"https:\/\/photofunchanat.fr\/?attachment_id=989\" data-orig-file=\"https:\/\/i1.wp.com\/photofunchanat.fr\/wp-content\/uploads\/2019\/03\/Pr\u00e9sentation-Expo-Faune-Auvergnate-III.jpg?fit=2480%2C3507&amp;ssl=1\" data-orig-size=\"2480,3507\" data-comments-opened=\"1\" data-image-meta=\"{&quot;aperture&quot;:&quot;0&quot;,&quot;credit&quot;:&quot;PC&quot;,&quot;camera&quot;:&quot;&quot;,&quot;caption&quot;:&quot;&quot;,&quot;created_timestamp&quot;:&quot;0&quot;,&quot;copyright&quot;:&quot;&quot;,&quot;focal_length&quot;:&quot;0&quot;,&quot;iso&quot;:&quot;0&quot;,&quot;shutter_speed&quot;:&quot;0&quot;,&quot;title&quot;:&quot;&quot;,&quot;orientation&quot;:&quot;1&quot;}\" data-image-title=\"Pr\u00e9sentation Expo &#8211; Faune Auvergnate III\" data-image-description=\"\" data-medium-file=\"https:\/\/i1.wp.com\/photofunchanat.fr\/wp-content\/uploads\/2019\/03\/Pr\u00e9sentation-Expo-Faune-Auvergnate-III.jpg?fit=212%2C300&amp;ssl=1\" data-large-file=\"https:\/\/i1.wp.com\/photofunchanat.fr\/wp-content\/uploads\/2019\/03\/Pr\u00e9sentation-Expo-Faune-Auvergnate-III.jpg?fit=474%2C670&amp;ssl=1\" loading=\"lazy\" src=\"https:\/\/i1.wp.com\/photofunchanat.fr\/wp-content\/uploads\/2019\/03\/Pr\u00e9sentation-Expo-Faune-Auvergnate-III.jpg?resize=474%2C670\" alt=\"\" class=\"wp-image-989\" width=\"474\" height=\"670\" srcset=\"https:\/\/i1.wp.com\/photofunchanat.fr\/wp-content\/uploads\/2019\/03\/Pr\u00e9sentation-Expo-Faune-Auvergnate-III.jpg?resize=724%2C1024&amp;ssl=1 724w, https:\/\/i1.wp.com\/photofunchanat.fr\/wp-content\/uploads\/2019\/03\/Pr\u00e9sentation-Expo-Faune-Auvergnate-III.jpg?resize=212%2C300&amp;ssl=1 212w, https:\/\/i1.wp.com\/photofunchanat.fr\/wp-content\/uploads\/2019\/03\/Pr\u00e9sentation-Expo-Faune-Auvergnate-III.jpg?resize=768%2C1086&amp;ssl=1 768w, https:\/\/i1.wp.com\/photofunchanat.fr\/wp-content\/uploads\/2019\/03\/Pr\u00e9sentation-Expo-Faune-Auvergnate-III.jpg?w=948 948w, https:\/\/i1.wp.com\/photofunchanat.fr\/wp-content\/uploads\/2019\/03\/Pr\u00e9sentation-Expo-Faune-Auvergnate-III.jpg?w=1422 1422w\" sizes=\"(max-width: 474px) 100vw, 474px\" data-recalc-dims=\"1\" \/><\/figure>\n\n\n\n<p><strong><em>Fabienne Mondi\u00e9 <\/em><\/strong>   <\/p>\n\n\n\n<p>&nbsp;La photographie peut vouloir&nbsp;\u00eatre la reproduction de la v\u00e9rit\u00e9, de la r\u00e9alit\u00e9.<\/p>\n\n\n\n<p>mais la v\u00e9rit\u00e9 est toujours la v\u00e9rit\u00e9 de quelqu&rsquo;un, et la r\u00e9alit\u00e9 n&rsquo;existe que par l&rsquo;oeil qui la voit et le cerveau qui la con\u00e7oit<\/p>\n\n\n\n<p>je ne me demande jamais si ce que je vois est \u00ab\u00a0beau\u00a0\u00bbquelque chose l\u00e0, en face de moi, me touche, m&rsquo;\u00e9meut, me trouble, que ce soit un humain , un animal, un paysage, une architecture, ou juste une couleurj&rsquo;utilise la photographie comme un m\u00e9dium, qui me permet d&rsquo;exprimer ce que je ressens, comme le peintre avec sa toilepartir avec mon appareil photo, mon complice, mon fid\u00e8le compagnon, et retranscrire gr\u00e2ce \u00e0 lui mes \u00e9motions est un de mes grands bonheurs<\/p>\n\n\n\n<p>Avec vous je d\u00e9couvre le&nbsp;plaisir du partage.<\/p>\n\n\n\n<p>bienvenue chez moi&#8230;&#8230;.<\/p>\n\n\n\n<p>&nbsp;&nbsp;&nbsp;&nbsp;&nbsp;&nbsp;&nbsp;&nbsp;&nbsp;&nbsp;&nbsp;&nbsp;&nbsp;&nbsp;&nbsp;&nbsp;&nbsp;&nbsp;&nbsp;&nbsp;&nbsp;&nbsp;&nbsp;&nbsp;&nbsp;&nbsp;&nbsp;&nbsp;&nbsp;&nbsp;&nbsp;&nbsp;&nbsp;&nbsp;&nbsp; fabienne mondi\u00e9<br><\/p>\n","protected":false},"excerpt":{"rendered":"<p>Ci-dessous la liste des artistes pr\u00e9sents lors de notre manifestation: Le week end du 15 &amp;16 Juin Thierry Courtadon http:\/\/ateliercourtadon.com Patrick Andr\u00e9 https:\/\/www.patrickandre.com\/ Jacky Champenois https:\/\/www.facebook.com\/profile.php?id=100011346729226 Olivier Garnier https:\/\/www.flickr.com\/photos\/138924938@N02\/ Thibaut Gu\u00e9rin https:\/\/thiacom82.wixsite.com\/thibaut Yvan Martin http:\/\/www.yvanmartin.com\/ Fabienne Mondi\u00e9 https:\/\/fabiennemondie.wixsite.com\/photo Christine Mosnier https:\/\/christinepatrick4.wixsite.com\/cheminfaisant Christian Mouliets https:\/\/christian-m.jimdo.com\/ Olivier Muhlhoff https:\/\/muhlhoff.portfoliobox.net\/home Stephan Viard http:\/\/auteurphotographe.com\/ Club Photo AL C\u00e9bazat http:\/\/clubphoto.alcebazat.fr\/ &hellip; <a href=\"https:\/\/photofunchanat.fr\/?page_id=880\" class=\"more-link\">Continuer la lecture de <span class=\"screen-reader-text\">Les Artistes<\/span>  <span class=\"meta-nav\">&rarr;<\/span><\/a><\/p>\n","protected":false},"author":1,"featured_media":0,"parent":37,"menu_order":0,"comment_status":"open","ping_status":"closed","template":"","meta":{"spay_email":""},"jetpack_sharing_enabled":true,"jetpack_shortlink":"https:\/\/wp.me\/PaQNiX-ec","_links":{"self":[{"href":"https:\/\/photofunchanat.fr\/index.php?rest_route=\/wp\/v2\/pages\/880"}],"collection":[{"href":"https:\/\/photofunchanat.fr\/index.php?rest_route=\/wp\/v2\/pages"}],"about":[{"href":"https:\/\/photofunchanat.fr\/index.php?rest_route=\/wp\/v2\/types\/page"}],"author":[{"embeddable":true,"href":"https:\/\/photofunchanat.fr\/index.php?rest_route=\/wp\/v2\/users\/1"}],"replies":[{"embeddable":true,"href":"https:\/\/photofunchanat.fr\/index.php?rest_route=%2Fwp%2Fv2%2Fcomments&post=880"}],"version-history":[{"count":29,"href":"https:\/\/photofunchanat.fr\/index.php?rest_route=\/wp\/v2\/pages\/880\/revisions"}],"predecessor-version":[{"id":1157,"href":"https:\/\/photofunchanat.fr\/index.php?rest_route=\/wp\/v2\/pages\/880\/revisions\/1157"}],"up":[{"embeddable":true,"href":"https:\/\/photofunchanat.fr\/index.php?rest_route=\/wp\/v2\/pages\/37"}],"wp:attachment":[{"href":"https:\/\/photofunchanat.fr\/index.php?rest_route=%2Fwp%2Fv2%2Fmedia&parent=880"}],"curies":[{"name":"wp","href":"https:\/\/api.w.org\/{rel}","templated":true}]}}